{"id":7667,"date":"2025-10-09T13:16:56","date_gmt":"2025-10-09T13:16:56","guid":{"rendered":"https:\/\/francebarbot.de\/publications\/"},"modified":"2025-10-15T07:50:32","modified_gmt":"2025-10-15T07:50:32","slug":"publications","status":"publish","type":"page","link":"https:\/\/francebarbot.de\/fr\/publications\/","title":{"rendered":"Publications"},"content":{"rendered":"<!--themify_builder_content-->\n<div id=\"themify_builder_content-7667\" data-postid=\"7667\" class=\"themify_builder_content themify_builder_content-7667 themify_builder tf_clear\">\n                    <div  data-css_id=\"ya2b162\" data-lazy=\"1\" class=\"module_row themify_builder_row fullwidth tb_ya2b162 tb_first tf_w wow\" data-tf-animation=\"fadeIn\">\n                        <div class=\"row_inner col_align_top tb_col_count_3 tf_box tf_rel\">\n                        <div  data-lazy=\"1\" class=\"module_column tb-column col3-1 tb_8j7b163 first\">\n                            <\/div>\n                    <div  data-lazy=\"1\" class=\"module_column tb-column col3-1 tb_afrs163\">\n                    <!-- module image -->\n<div  class=\"module module-image tb_ripm676 image-center   tf_mw\" data-lazy=\"1\">\n        <div class=\"image-wrap tf_rel tf_mw\">\n            <a href=\"https:\/\/francebarbot.de\">\n                   <img loading=\"lazy\" decoding=\"async\" src=\"https:\/\/francebarbot.de\/wp-content\/uploads\/2018\/02\/font_weiss-320x85.png\" width=\"320\" height=\"85\" class=\"wp-post-image wp-image-7698\" title=\"font_weiss\" alt=\"font_weiss\" srcset=\"https:\/\/francebarbot.de\/wp-content\/uploads\/2018\/02\/font_weiss-320x85.png 320w, https:\/\/francebarbot.de\/wp-content\/uploads\/2018\/02\/font_weiss-300x80.png 300w, https:\/\/francebarbot.de\/wp-content\/uploads\/2018\/02\/font_weiss-150x40.png 150w, https:\/\/francebarbot.de\/wp-content\/uploads\/2018\/02\/font_weiss-200x53.png 200w, https:\/\/francebarbot.de\/wp-content\/uploads\/2018\/02\/font_weiss-250x66.png 250w, https:\/\/francebarbot.de\/wp-content\/uploads\/2018\/02\/font_weiss-350x93.png 350w, https:\/\/francebarbot.de\/wp-content\/uploads\/2018\/02\/font_weiss.png 715w\" sizes=\"auto, (max-width: 320px) 100vw, 320px\" \/>        <\/a>\n    \n        <\/div>\n    <!-- \/image-wrap -->\n    \n        <\/div>\n<!-- \/module image -->        <\/div>\n                    <div  data-lazy=\"1\" class=\"module_column tb-column col3-1 tb_s11p164 last\">\n                            <\/div>\n                        <\/div>\n        <\/div>\n                        <div  data-lazy=\"1\" class=\"module_row themify_builder_row tb_bpqb849 tf_w\">\n                        <div class=\"row_inner col_align_top tb_col_count_2 tf_box tf_rel\">\n                        <div  data-lazy=\"1\" class=\"module_column tb-column col4-2 tb_3x5j000 first\">\n                    <!-- module text -->\n<div  class=\"module module-text tb_vt39009   \" data-lazy=\"1\">\n    <h3 class=\"module-title\">Article tir\u00e9 de \u00ab Das Beste f\u00fcr die Frau \u00bb<\/h3>    <div  class=\"tb_text_wrap\">\n        <p><em>Ao\u00fbt 2009<\/em><br>\n  <a href=\"https:\/\/francebarbot.de\/wp-content\/uploads\/2019\/07\/BfF_0809_S46_47.jpg\" target=\"_blank\" rel=\"noopener\">\n    <strong>Un changement de lieu favorise de nouvelles perspectives<br>Prendre des vacances, partir ou m\u00eame simplement une longue journ\u00e9e de randonn\u00e9e\u00a0: cela peut \u00e9largir votre champ de vision et r\u00e9soudre les probl\u00e8mes quotidiens\u00a0!<\/strong>\n  <\/a>\n<\/p><p><em>Juillet 2009<\/em><br>\n  <a href=\"https:\/\/francebarbot.de\/wp-content\/uploads\/2019\/07\/BfF_0709_S46_47.jpg\" target=\"_blank\" rel=\"noopener\">\n    <strong>En fait, je devrais&#8230;<\/strong>\n    <br>Qui d\u2019entre nous n\u2019a jamais souhait\u00e9 peser quelques kilos de moins\u00a0!\n  <\/a>\n<\/p><p><em>Juin 2009<\/em><br>\n  <a href=\"https:\/\/francebarbot.de\/wp-content\/uploads\/2019\/07\/BfF_0609_S46_47.jpg\" target=\"_blank\" rel=\"noopener\"><strong>Solstice d\u2019\u00e9t\u00e9 en juin\u00a0: \u00e9galement un tournant dans votre vie\u00a0?<\/strong> <br>Le 21\u00a0juin, le soleil est \u00e0 son point culminant\u00a0: le solstice d\u2019\u00e9t\u00e9. Peut-\u00eatre qu\u2019un tournant se profile \u00e9galement dans votre vie\u00a0?<\/a>\n<\/p><p><em>Mai 2009<\/em><br>\n  <a href=\"https:\/\/francebarbot.de\/wp-content\/uploads\/2019\/07\/BfF_0509_S46_47.jpg\" target=\"_blank\" rel=\"noopener\">\n    <strong>Danse de mai\u00a0: plus qu\u2019un simple rituel\u00a0! <br>Dans toutes les cultures, il existe des rituels pour accueillir le nouveau. Chez nous, c\u2019est aussi la danse de mai\u00a0!<\/strong>\n  <\/a>\n<\/p>    <\/div>\n<\/div>\n<!-- \/module text -->        <\/div>\n                    <div  data-lazy=\"1\" class=\"module_column tb-column col4-2 tb_i96s009 last\">\n                    <!-- module text -->\n<div  class=\"module module-text tb_8xr815   \" data-lazy=\"1\">\n        <div  class=\"tb_text_wrap\">\n        <p><em>Avril 2009<\/em><br>\n  <a href=\"https:\/\/francebarbot.de\/wp-content\/uploads\/2019\/07\/BfF_0409_S46_47.jpg\" target=\"_blank\" rel=\"noopener\"><strong>Avril\u00a0: fait-il ce qu\u2019il veut\u00a0?<\/strong> Avez-vous parfois l\u2019impression que vos enfants, votre partenaire, vos coll\u00e8gues ou vos amis sont aussi changeants et lunatiques que le temps en avril\u00a0?<\/a>\n<\/p><p><em>Mars 2009<\/em><br>\n  <a href=\"https:\/\/francebarbot.de\/wp-content\/uploads\/2019\/07\/BfF_0309_S46_47.jpg\" target=\"_blank\" rel=\"noopener\">\n    <strong>Le printemps\u00a0: un nouveau d\u00e9part\u00a0?<br>Le printemps arrive bient\u00f4t\u00a0! Les graines sem\u00e9es l\u2019ann\u00e9e derni\u00e8re peuvent maintenant germer. Mais pour que les fleurs et les plantes puissent s\u2019\u00e9panouir, elles ont besoin de bonnes conditions.<\/strong>\n  <\/a>\n<\/p><p><em>F\u00e9vrier 2009<\/em><br>\n  <a href=\"https:\/\/francebarbot.de\/wp-content\/uploads\/2019\/07\/BfF_0209_S46_47.jpg\" target=\"_blank\" rel=\"noopener\">\n    <strong>Carnaval et jeux de r\u00f4le<br>Pouvoir \u00eatre quelqu\u2019un de compl\u00e8tement diff\u00e9rent une fois\u00a0! Qui n\u2019en a jamais r\u00eav\u00e9\u00a0?<\/strong>\n  <\/a>\n<\/p><p><em>Janvier 2009<\/em><br>\n  <a href=\"https:\/\/francebarbot.de\/wp-content\/uploads\/2019\/07\/BfF_0109_S46_47.jpg\" target=\"_blank\" rel=\"noopener\">\n    <strong>Nouvelle ann\u00e9e, nouvelle chance\u00a0?<\/strong>\n    <br>Avez-vous d\u00e9j\u00e0 pris des r\u00e9solutions pour la nouvelle ann\u00e9e\u00a0? Et avez-vous r\u00e9ussi \u00e0 changer quelque chose l\u2019ann\u00e9e derni\u00e8re\u00a0?\n  <\/a>\n<\/p>    <\/div>\n<\/div>\n<!-- \/module text -->        <\/div>\n                        <\/div>\n        <\/div>\n                        <div  data-lazy=\"1\" class=\"module_row themify_builder_row tb_wcai050 tf_w\">\n                        <div class=\"row_inner col_align_top tb_col_count_2 tf_box tf_rel\">\n                        <div  data-lazy=\"1\" class=\"module_column tb-column col4-2 tb_afjp009 first\">\n                    <!-- module text -->\n<div  class=\"module module-text tb_shwi363   \" data-lazy=\"1\">\n        <div  class=\"tb_text_wrap\">\n        <h3 class=\"module-title\">Mon coll\u00e8gue Chris Habermann (consultant, coach et conf\u00e9rencier) a r\u00e9alis\u00e9 une petite et agr\u00e9able interview avec moi, n&rsquo;h\u00e9sitez pas \u00e0 y jeter un coup d&rsquo;\u0153il\u2026<br><br><\/h3>    <\/div>\n<\/div>\n<!-- \/module text --><!-- module video -->\n<div  class=\"module module-video tb_xoyp869 video-top  \" data-lazy=\"1\">\n                    <div class=\"video-wrap-outer\">\n            <div class=\"video-wrap tf_rel tf_overflow tf_local_video\">\n                \n                    \n                    <a class=\"wp-embedded-video\" href=\"http:\/\/francebarbot.de\/wp-content\/uploads\/France_Barbot_Interview%20mit%20Chris_Thema_Veraenderung.m4a\">http:\/\/francebarbot.de\/wp-content\/uploads\/France_Barbot_Interview%20mit%20Chris_Thema_Veraenderung.m4a<\/a>\n                    \n                                <\/div>\n            <!-- \/video-wrap -->\n        <\/div>\n        <!-- \/video-wrap-outer -->\n            <\/div>\n        <\/div>\n                    <div  data-lazy=\"1\" class=\"module_column tb-column col4-2 tb_oqoo007 last\">\n                    <!-- module text -->\n<div  class=\"module module-text tb_binx136   \" data-lazy=\"1\">\n    <h3 class=\"module-title\">Interviews dans les journaux<\/h3>    <div  class=\"tb_text_wrap\">\n        <p><a href=\"https:\/\/www.ka-news.de\/region\/karlsruhe\/moderner-betriebs-knigge-wie-mut-und-individualitaet-das-arbeitsleben-verbessern-koennen-art-2965372\" target=\"_blank\" rel=\"noopener\">\u00ab\u00a0<strong>Knigge d\u2019entreprise moderne\u00a0: comment le courage et l\u2019individualit\u00e9 peuvent am\u00e9liorer la vie professionnelle<\/strong>\u00a0\u00bb<\/a><\/p>    <\/div>\n<\/div>\n<!-- \/module text --><!-- module gallery -->\n<div  class=\"module gallery module-gallery tb_ym7g35 layout-grid  \" data-lazy=\"1\">\n    <h3 class=\"module-title\">Interview dans le livre sp\u00e9cialis\u00e9 \u00ab\u00a0Softskills<\/h3><div class=\"module-gallery-grid\" style=\"--gald:4;--galt:4;--galm:4\">\n            <dl class=\"gallery-item\">\n            <dt class=\"gallery-icon\">\n            <a data-title=\"\" title=\"\" href=\"https:\/\/francebarbot.de\/wp-content\/uploads\/2025\/10\/Soft_Skills_Interview-1.jpg\" data-rel=\"tb_ym7g35\" class=\"themify_lightbox\"><img loading=\"lazy\" decoding=\"async\" src=\"https:\/\/francebarbot.de\/wp-content\/uploads\/2025\/10\/Soft_Skills_Interview-1-300x200.jpg\" width=\"300\" height=\"200\" class=\"wp-post-image wp-image-7647\" title=\"Soft_Skills_Interview 1\" alt=\"Soft_Skills_Interview 1\"><\/a>            <\/dt>\n                    <\/dl>\n            <dl class=\"gallery-item\">\n            <dt class=\"gallery-icon\">\n            <a data-title=\"\" title=\"\" href=\"https:\/\/francebarbot.de\/wp-content\/uploads\/2025\/10\/Soft_Skills_Interview-2.png\" data-rel=\"tb_ym7g35\" class=\"themify_lightbox\"><img loading=\"lazy\" decoding=\"async\" src=\"https:\/\/francebarbot.de\/wp-content\/uploads\/2025\/10\/Soft_Skills_Interview-2-579x1024-300x200.png\" width=\"300\" height=\"200\" class=\"wp-post-image wp-image-7648\" title=\"Soft_Skills_Interview 2\" alt=\"Soft_Skills_Interview 2\"><\/a>            <\/dt>\n                    <\/dl>\n            <dl class=\"gallery-item\">\n            <dt class=\"gallery-icon\">\n            <a data-title=\"\" title=\"\" href=\"https:\/\/francebarbot.de\/wp-content\/uploads\/2025\/10\/Soft_Skills_Interview-3.png\" data-rel=\"tb_ym7g35\" class=\"themify_lightbox\"><img loading=\"lazy\" decoding=\"async\" src=\"https:\/\/francebarbot.de\/wp-content\/uploads\/2025\/10\/Soft_Skills_Interview-3-567x1024-300x200.png\" width=\"300\" height=\"200\" class=\"wp-post-image wp-image-7649\" title=\"Soft_Skills_Interview 3\" alt=\"Soft_Skills_Interview 3\"><\/a>            <\/dt>\n                    <\/dl>\n            <dl class=\"gallery-item\">\n            <dt class=\"gallery-icon\">\n            <a data-title=\"\" title=\"\" href=\"https:\/\/francebarbot.de\/wp-content\/uploads\/2025\/10\/Soft_Skills_Interview-4.png\" data-rel=\"tb_ym7g35\" class=\"themify_lightbox\"><img loading=\"lazy\" decoding=\"async\" src=\"https:\/\/francebarbot.de\/wp-content\/uploads\/2025\/10\/Soft_Skills_Interview-4-300x200.png\" width=\"300\" height=\"200\" class=\"wp-post-image wp-image-7650\" title=\"Soft_Skills_Interview 4\" alt=\"Soft_Skills_Interview 4\"><\/a>            <\/dt>\n                    <\/dl>\n    <\/div>\n<\/div>\n<!-- \/module gallery -->        <\/div>\n                        <\/div>\n        <\/div>\n        <\/div>\n<!--\/themify_builder_content-->","protected":false},"excerpt":{"rendered":"<p>Article tir\u00e9 de \u00ab Das Beste f\u00fcr die Frau \u00bb Ao\u00fbt 2009 Un changement de lieu favorise de nouvelles perspectivesPrendre des vacances, partir ou m\u00eame simplement une longue journ\u00e9e de randonn\u00e9e&nbsp;: cela peut \u00e9largir votre champ de vision et r\u00e9soudre les probl\u00e8mes quotidiens&nbsp;! Juillet 2009 En fait, je devrais&#8230; Qui d\u2019entre nous n\u2019a jamais souhait\u00e9 [&hellip;]<\/p>\n","protected":false},"author":1,"featured_media":0,"parent":0,"menu_order":0,"comment_status":"closed","ping_status":"closed","template":"","meta":{"footnotes":"","_links_to":"","_links_to_target":""},"class_list":["post-7667","page","type-page","status-publish","hentry","has-post-title","has-post-date","has-post-category","has-post-tag","has-post-comment","has-post-author",""],"_links":{"self":[{"href":"https:\/\/francebarbot.de\/fr\/wp-json\/wp\/v2\/pages\/7667","targetHints":{"allow":["GET"]}}],"collection":[{"href":"https:\/\/francebarbot.de\/fr\/wp-json\/wp\/v2\/pages"}],"about":[{"href":"https:\/\/francebarbot.de\/fr\/wp-json\/wp\/v2\/types\/page"}],"author":[{"embeddable":true,"href":"https:\/\/francebarbot.de\/fr\/wp-json\/wp\/v2\/users\/1"}],"replies":[{"embeddable":true,"href":"https:\/\/francebarbot.de\/fr\/wp-json\/wp\/v2\/comments?post=7667"}],"version-history":[{"count":1,"href":"https:\/\/francebarbot.de\/fr\/wp-json\/wp\/v2\/pages\/7667\/revisions"}],"predecessor-version":[{"id":7668,"href":"https:\/\/francebarbot.de\/fr\/wp-json\/wp\/v2\/pages\/7667\/revisions\/7668"}],"wp:attachment":[{"href":"https:\/\/francebarbot.de\/fr\/wp-json\/wp\/v2\/media?parent=7667"}],"curies":[{"name":"wp","href":"https:\/\/api.w.org\/{rel}","templated":true}]}}