{"id":7635,"date":"2017-03-07T15:30:46","date_gmt":"2017-03-07T15:30:46","guid":{"rendered":"https:\/\/francebarbot.de\/references\/"},"modified":"2026-01-08T13:43:01","modified_gmt":"2026-01-08T13:43:01","slug":"references","status":"publish","type":"page","link":"https:\/\/francebarbot.de\/fr\/references\/","title":{"rendered":"R\u00e9f\u00e9rences"},"content":{"rendered":"<!--themify_builder_content-->\n<div id=\"themify_builder_content-7635\" data-postid=\"7635\" class=\"themify_builder_content themify_builder_content-7635 themify_builder tf_clear\">\n                    <div  data-css_id=\"ya2b162\" data-lazy=\"1\" class=\"module_row themify_builder_row fullwidth tb_ya2b162 tb_first tf_w wow\" data-tf-animation=\"fadeIn\">\n                        <div class=\"row_inner col_align_top tb_col_count_3 tf_box tf_rel\">\n                        <div  data-lazy=\"1\" class=\"module_column tb-column col3-1 tb_8j7b163 first\">\n                            <\/div>\n                    <div  data-lazy=\"1\" class=\"module_column tb-column col3-1 tb_afrs163\">\n                    <!-- module image -->\n<div  class=\"module module-image tb_ripm676 image-center   tf_mw\" data-lazy=\"1\">\n        <div class=\"image-wrap tf_rel tf_mw\">\n            <a href=\"https:\/\/francebarbot.de\">\n                   <img loading=\"lazy\" decoding=\"async\" src=\"https:\/\/francebarbot.de\/wp-content\/uploads\/2018\/02\/font_weiss-320x85.png\" width=\"320\" height=\"85\" class=\"wp-post-image wp-image-7698\" title=\"font_weiss\" alt=\"font_weiss\" srcset=\"https:\/\/francebarbot.de\/wp-content\/uploads\/2018\/02\/font_weiss-320x85.png 320w, https:\/\/francebarbot.de\/wp-content\/uploads\/2018\/02\/font_weiss-300x80.png 300w, https:\/\/francebarbot.de\/wp-content\/uploads\/2018\/02\/font_weiss-150x40.png 150w, https:\/\/francebarbot.de\/wp-content\/uploads\/2018\/02\/font_weiss-200x53.png 200w, https:\/\/francebarbot.de\/wp-content\/uploads\/2018\/02\/font_weiss-250x66.png 250w, https:\/\/francebarbot.de\/wp-content\/uploads\/2018\/02\/font_weiss-350x93.png 350w, https:\/\/francebarbot.de\/wp-content\/uploads\/2018\/02\/font_weiss.png 715w\" sizes=\"auto, (max-width: 320px) 100vw, 320px\" \/>        <\/a>\n    \n        <\/div>\n    <!-- \/image-wrap -->\n    \n        <\/div>\n<!-- \/module image -->        <\/div>\n                    <div  data-lazy=\"1\" class=\"module_column tb-column col3-1 tb_s11p164 last\">\n                            <\/div>\n                        <\/div>\n        <\/div>\n                        <div  data-lazy=\"1\" class=\"module_row themify_builder_row tb_uqt8194 tf_w\">\n                        <div class=\"row_inner col_align_top tb_col_count_2 tf_box tf_rel\">\n                        <div  data-lazy=\"1\" class=\"module_column tb-column col4-2 tb_87cd195 first\">\n                    <!-- module text -->\n<div  class=\"module module-text tb_p9w2917   \" data-lazy=\"1\">\n        <div  class=\"tb_text_wrap\">\n        <h3>Ce que disent les autres<\/h3>    <\/div>\n<\/div>\n<!-- \/module text -->        <\/div>\n                    <div  data-lazy=\"1\" class=\"module_column tb-column col4-2 tb_6b49195 last\">\n                            <\/div>\n                        <\/div>\n        <\/div>\n                        <div  data-lazy=\"1\" class=\"module_row themify_builder_row tb_wcai050 tf_w\">\n                        <div class=\"row_inner col_align_top tb_col_count_2 tf_box tf_rel\">\n                        <div  data-lazy=\"1\" class=\"module_column tb-column col4-2 tb_afjp009 first\">\n                    <!-- module text -->\n<div  class=\"module module-text tb_qh7s552   \" data-lazy=\"1\">\n        <div  class=\"tb_text_wrap\">\n        <p>\u00ab La collaboration avec Mme Barbot a \u00e9t\u00e9 un enrichissement extr\u00eamement pr\u00e9cieux pour notre \u00e9quipe de jardin d&rsquo;enfants et de garderie inclusive. \u00bb<\/p><p>L&rsquo;introduction du <strong>conseil coll\u00e9gial<\/strong>, en particulier, a initi\u00e9 des changements durables&nbsp;: nous disposons enfin d&rsquo;un cadre solide pour nous soutenir mutuellement sur le plan professionnel, partager nos exp\u00e9riences et d\u00e9velopper ensemble des solutions aux d\u00e9fis quotidiens.<\/p><p>\u00c9tant donn\u00e9 que le manque de personnel laisse souvent peu de place au d\u00e9veloppement personnel dans la vie de tous les jours, les <strong>coachings individuels<\/strong> ont \u00e9t\u00e9 d&rsquo;une valeur inestimable. De nombreux employ\u00e9s ont pu red\u00e9couvrir leurs forces, gagner en confiance et d\u00e9velopper davantage leurs comp\u00e9tences de mani\u00e8re cibl\u00e9e. <\/p><p>Dans les situations particuli\u00e8rement difficiles, Mme&nbsp;Barbot nous a assist\u00e9s avec un <strong>accompagnement de crise<\/strong> rapide et professionnel. Elle a toujours r\u00e9ussi \u00e0 transmettre calme et s\u00e9curit\u00e9 et \u00e0 trouver des solutions viables avec nous. <\/p><p>Nous percevons Mme Barbot comme ouverte, valorisante et pragmatique. Son travail a durablement renforc\u00e9 notre \u00e9quipe, et nous la recommandons avec une conviction totale. \u00bb <\/p><p>\u2014 Stephanie Maier<br>Directrice g\u00e9n\u00e9rale des jardins d&rsquo;enfants<\/p><p><strong>\u00c9cole maternelle<br><\/strong>pour enfants handicap\u00e9s mentaux et ayant des besoins sp\u00e9ciaux<br>Westring&nbsp;22<br>76437&nbsp;Rastatt<\/p><p><strong>Garderie inclusive<br><\/strong>de l&rsquo;association Lebenshilfe Rastatt\/Murgtal e.V.<br>Nelkenstra\u00dfe&nbsp;12\/5<br>76437&nbsp;Rastatt<\/p>    <\/div>\n<\/div>\n<!-- \/module text --><!-- module text -->\n<div  class=\"module module-text tb_kc9y354   \" data-lazy=\"1\">\n        <div  class=\"tb_text_wrap\">\n        <p>\u00ab&nbsp;Dans l&rsquo;accompagnement des initiatives municipales, j&rsquo;ai per\u00e7u France comme une accompagnatrice de processus incroyablement professionnelle, empathique et inspirante. Elle a un sens aigu de ce dont les groupes ont besoin \u00e0 chaque instant, comprend les dynamiques et garde en m\u00eame temps les objectifs \u00e0 l&rsquo;esprit. Avec son esprit ouvert et sa nature humaine, elle est un v\u00e9ritable atout pour toute collaboration.&nbsp;\u00bb<\/p><p>\u2014 Angela Ruess<br>Directrice de Zarabina Luxembourg <\/p>    <\/div>\n<\/div>\n<!-- \/module text --><!-- module text -->\n<div  class=\"module module-text tb_xi70836   \" data-lazy=\"1\">\n        <div  class=\"tb_text_wrap\">\n        <p>\u00ab J&rsquo;ai eu l&rsquo;occasion de conna\u00eetre France et je l&rsquo;ai admir\u00e9e d\u00e8s la premi\u00e8re minute. Je l&rsquo;ai trouv\u00e9e extr\u00eamement sympathique et entra\u00eenante.<br>Elle a une telle vivacit\u00e9. J&rsquo;ai toujours pu la suivre.<br>Ensuite, nous avons lanc\u00e9 le projet \u00ab&nbsp;Familienkita in Rheinau&nbsp;\u00bb. Elle a rapidement saisi la situation dans le quartier.   <br>Elle a pu trouver de nombreux aides, m\u00e9c\u00e8nes et soutiens. Que ce soit le porteur de projet, les parents ou la commune.<br>Et elle a toujours su donner une nouvelle impulsion de l&rsquo;ext\u00e9rieur.&nbsp;\u00bb <\/p><p>\u2014 Heidi Wolf <br>Directrice de la garderie \u00e9vang\u00e9lique<br>Familienkita Bruchsalerstr 121<br>68219 Mannheim<\/p>    <\/div>\n<\/div>\n<!-- \/module text --><!-- module text -->\n<div  class=\"module module-text tb_lf9z935   \" data-lazy=\"1\">\n        <div  class=\"tb_text_wrap\">\n        <p>\u00ab&nbsp;\u00ab&nbsp;Agir toujours de mani\u00e8re \u00e0 \u00e9largir le nombre de possibilit\u00e9s&nbsp;\u00bb &#8211; c&rsquo;est ce que je vis sans cesse dans la longue collaboration avec France lors de chaque supervision.<\/p><p>Avec sa mani\u00e8re bienveillante, empathique et en m\u00eame temps claire, elle offre un espace dans lequel je peux r\u00e9fl\u00e9chir \u00e0 mes th\u00e8mes de mani\u00e8re ouverte et honn\u00eate.<\/p><p>J&rsquo;appr\u00e9cie particuli\u00e8rement son expertise professionnelle, qui se manifeste dans son accompagnement de processus sans jugement et ax\u00e9 sur les ressources.&nbsp;\u00bb<\/p><p>\u2014 Christoph Habermann<br>Conseiller | Coach<\/p>    <\/div>\n<\/div>\n<!-- \/module text --><!-- module text -->\n<div  class=\"module module-text tb_f87q326   \" data-lazy=\"1\">\n        <div  class=\"tb_text_wrap\">\n        <p>\u00ab&nbsp;France dans le d\u00e9veloppement de l&rsquo;\u00e9quipe de la garderie&nbsp;: un atout absolu&nbsp;! Tr\u00e8s vivante, elle emm\u00e8ne tout le monde avec elle et va ensuite droit au but de mani\u00e8re efficace. Nous avons notamment re\u00e7u un tr\u00e8s bon renforcement dans le domaine de la communication et de l&rsquo;organisation du travail. Un grand merci pour cela. Je peux absolument recommander France.&nbsp;\u00bb<\/p><p>\u2014 Direction&nbsp;: Manuela W\u00f6lfle<br>Kath. Kita St. Stephan <br>Markgrafenstr. 18, 76133 Karlsruhe <\/p>    <\/div>\n<\/div>\n<!-- \/module text -->        <\/div>\n                    <div  data-lazy=\"1\" class=\"module_column tb-column col4-2 tb_oqoo007 last\">\n                    <!-- module text -->\n<div  class=\"module module-text tb_icc6599   \" data-lazy=\"1\">\n        <div  class=\"tb_text_wrap\">\n        <p>\u00ab&nbsp;La collaboration avec France a \u00e9t\u00e9 un grand enrichissement pour nous. Elle a accompagn\u00e9 notre projet avec une grande comp\u00e9tence professionnelle, une chaleur humaine et une clart\u00e9 professionnelle. Nous nous sommes sentis \u00e0 l&rsquo;aise \u00e0 tout moment et nous pouvons la recommander sans r\u00e9serve.&nbsp;\u00bb<\/p><p>\u2014 Marco Lautenschl\u00e4ger<br>Directeur<\/p><p>DIOC\u00c8SE \u00c9VANG\u00c9LIQUE<br>ODENWALD<strong><br><\/strong>Service des garderies d&rsquo;enfants<br>Schlossplatz&nbsp;6<br>64732&nbsp;Bad K\u00f6nig<\/p>    <\/div>\n<\/div>\n<!-- \/module text --><!-- module text -->\n<div  class=\"module module-text tb_b3vs315   \" data-lazy=\"1\">\n        <div  class=\"tb_text_wrap\">\n        <p>\u00ab&nbsp;France est une personne qui \u00e9coute attentivement, qui enregistre et qui amplifie ce qui est important. Elle donne de nouvelles impulsions qui font vibrer l&rsquo;individu. Elle allie cordialit\u00e9 et professionnalisme. S\u00e9rieux et humour. Attitude et pragmatisme. Espoir et s\u00e9r\u00e9nit\u00e9. Elle enrichit les autres dans leur c\u0153ur, dans leur esprit. Et elle grandit elle-m\u00eame gr\u00e2ce \u00e0 cela. Et faites attention \u00e0 sa m\u00e9moire&nbsp;: elle remarque (et retient) tout\u2026 \ud83d\ude09&nbsp;\u00bb        <\/p><p>\u2014 Volker Erbacher<br>Collecte de fonds &amp; Diaconie \u0153cum\u00e9nique<br>L&rsquo;\u0153uvre diaconale de l&rsquo;\u00c9glise protestante r\u00e9gionale de Bade e.V.<br>Vorholzstra\u00dfe 3<br>76137 Karlsruhe<\/p>    <\/div>\n<\/div>\n<!-- \/module text --><!-- module text -->\n<div  class=\"module module-text tb_0exj305   \" data-lazy=\"1\">\n        <div  class=\"tb_text_wrap\">\n        <p>\u00ab&nbsp;Je connais France depuis plus de 10 ans, mais peut-\u00eatre que nos \u00e2mes se connaissent d\u00e9j\u00e0 depuis plus longtemps.<\/p><p>Dans la sph\u00e8re priv\u00e9e, France est un ph\u00e9nom\u00e8ne exceptionnel, \u00e0 bien des \u00e9gards&nbsp;:<\/p><ul><li>son besoin de paix, qui commence pour elle dans les plus petites choses<\/li><li>sa pens\u00e9e, qui n&rsquo;est jamais strat\u00e9gique et toujours guid\u00e9e par l&rsquo;amour<\/li><li> et sa fa\u00e7on de regarder le monde et les choses avec un esprit que l&rsquo;expression \u00ab&nbsp;out of the box&nbsp;\u00bb d\u00e9crit le mieux.<\/li><\/ul><p>Professionnellement, nous avons collabor\u00e9 sur diff\u00e9rents projets et conceptions. Ce qui est frappant &#8211; et pour moi inestimable et tellement enrichissant &#8211; c&rsquo;est la libert\u00e9 dans laquelle on peut \u00e9voluer en tant que partenaire lorsqu&rsquo;on travaille avec France&nbsp;: tout peut arriver. Dans un deuxi\u00e8me temps seulement, on structure et on trie. Pour moi, la premi\u00e8re \u00e9tape est tellement magique, car elle permet de cr\u00e9er tant de nouveaut\u00e9s. Dans sa cuisine, il y a (avait) une ardoise avec l&rsquo;inscription \u00ab&nbsp;Espace des possibilit\u00e9s&nbsp;\u00bb. C&rsquo;est exactement ce que l&rsquo;on ressent lorsqu&rsquo;on travaille avec France. C&rsquo;est pourquoi je souhaite continuer \u00e0 m&rsquo;associer \u00e0 elle dans des projets ambitieux et importants.&nbsp;\u00bb      <\/p><p>\u2014 Ursula Becky<br>Formation linguistique &#8211; Allemand &#8211; Fran\u00e7ais &#8211; Italien<br>Relecture et travail de projet en allemand et en langues \u00e9trang\u00e8res<br>Traductions &#8211; Traductions sp\u00e9cialis\u00e9es &#8211; Interpr\u00e9tation de n\u00e9gociation<br>Formation interculturelle \/ Formation \u00e0 la communication <\/p>    <\/div>\n<\/div>\n<!-- \/module text --><!-- module text -->\n<div  class=\"module module-text tb_yvq8487   \" data-lazy=\"1\">\n        <div  class=\"tb_text_wrap\">\n        <p>\u00ab&nbsp;Dans notre collaboration, je trouve l&rsquo;attitude de France envers les gens et la soci\u00e9t\u00e9 particuli\u00e8rement pr\u00e9cieuse et importante.<br>L&rsquo;\u00ab&nbsp;outil&nbsp;\u00bb essentiel dans notre travail avec les gens (je m&rsquo;inclus tout \u00e0 fait) c&rsquo;est nous-m\u00eames, avec notre sensibilit\u00e9, notre capacit\u00e9 de contact et notre capacit\u00e9 \u00e0 nous remettre en question. C&rsquo;est certainement l&rsquo;une de ses grandes forces&nbsp;!&nbsp;\u00bb <\/p><p>\u2014 Horst Stephan<br>Magistrat de la ville de Viernheim<br>Service de la culture, de l&rsquo;\u00e9ducation et des affaires sociales (KuBuS)<br>Direction du service<br>B\u00fcrgerhaus, Kreuzstr. 2-4<br>68519 Viernheim <\/p>    <\/div>\n<\/div>\n<!-- \/module text -->        <\/div>\n                        <\/div>\n        <\/div>\n                        <div  data-lazy=\"1\" class=\"module_row themify_builder_row tb_3a5x889 tf_w\">\n                        <div class=\"row_inner col_align_top tb_col_count_1 tf_box tf_rel\">\n                        <div  data-lazy=\"1\" class=\"module_column tb-column col-full tb_ytcn889 first\">\n                    <!-- module text -->\n<div  class=\"module module-text tb_aflm650   \" data-lazy=\"1\">\n        <div  class=\"tb_text_wrap\">\n        <p>\u00ab&nbsp;Depuis quelques ann\u00e9es, France Barbot accompagne nos \u00e9quipes dans les garderies dans diff\u00e9rents formats. Que ce soit lors de supervisions, de coachings personnels ou d&rsquo;ateliers pendant nos journ\u00e9es de conception, son expertise et son engagement sont devenus indispensables pour nous. <\/p><p>Mme Barbot parvient toujours \u00e0 communiquer avec nos sp\u00e9cialistes et nos \u00e9quipes de direction d&rsquo;une mani\u00e8re tr\u00e8s empathique et en m\u00eame temps ax\u00e9e sur les solutions. Sa bo\u00eete \u00e0 outils m\u00e9thodologiques est aussi vari\u00e9e que son approche&nbsp;: toujours cr\u00e9ative et pragmatique, en fonction des conditions r\u00e9elles. Elle utilise des outils cibl\u00e9s qui favorisent les processus de groupe et renforcent les \u00e9quipes dans leur d\u00e9veloppement. Il convient de souligner en particulier sa capacit\u00e9 \u00e0 saisir la situation respective au sein de l&rsquo;\u00e9quipe et \u00e0 r\u00e9pondre aux besoins du groupe de mani\u00e8re adapt\u00e9e.   <\/p><p>Un autre aspect important de son travail est le soutien sp\u00e9cifique de nos \u00e9quipes de direction. France Barbot pose ici des questions cibl\u00e9es et diff\u00e9renci\u00e9es sur la direction et l&rsquo;accompagnement d&rsquo;\u00e9quipes multiculturelles et multidisciplinaires. Ce faisant, elle aborde toujours les diff\u00e9rentes perspectives avec respect et estime et parvient, gr\u00e2ce \u00e0 sa mani\u00e8re humoristique et vivante-non conventionnelle, \u00e0 montrer de nouvelles options d&rsquo;action aux membres de l&rsquo;\u00e9quipe ainsi qu&rsquo;aux cadres. Son expertise dans le domaine de la diversit\u00e9 et de l&rsquo;interculturalit\u00e9 \u00e9largit les points de vue et les marges de man\u0153uvre de nos collaborateurs et contribue de mani\u00e8re significative \u00e0 la promotion d&rsquo;un environnement de travail inclusif et respectueux.   <\/p><p>Mme Barbot jette des ponts entre diff\u00e9rents points de vue et favorise une collaboration bienveillante, ouverte et constructive. Son travail am\u00e9liore non seulement la qualit\u00e9 du travail d&rsquo;\u00e9quipe, mais aussi la capacit\u00e9 de r\u00e9flexion de toutes les personnes impliqu\u00e9es, face \u00e0 des d\u00e9fis toujours nouveaux. <\/p><p>Nous nous r\u00e9jouissons chaque fois de l&rsquo;\u00e9change avec France Barbot, qui est \u00e0 la fois enrichissant et inspirant. Sa contribution est pour nous un soutien pr\u00e9cieux dont nous ne voudrions pas nous passer. Nous remercions chaleureusement Mme Barbot pour son accompagnement continu et professionnel et pour le d\u00e9veloppement positif qu&rsquo;elle apporte \u00e0 nos \u00e9quipes.&nbsp;\u00bb  <\/p><p>\u2014 Sabine Diefenbach<br>Directrice de kinderlandnet ggmbh<br>Mannheim, 27\/11\/2025<\/p>    <\/div>\n<\/div>\n<!-- \/module text -->        <\/div>\n                        <\/div>\n        <\/div>\n                        <div  data-lazy=\"1\" class=\"module_row themify_builder_row tb_q1ju40 tf_w\">\n                        <div class=\"row_inner col_align_top tb_col_count_2 tf_box tf_rel\">\n                        <div  data-lazy=\"1\" class=\"module_column tb-column col4-2 tb_tjpg40 first\">\n                    <!-- module text -->\n<div  class=\"module module-text tb_q9fm40   \" data-lazy=\"1\">\n        <div  class=\"tb_text_wrap\">\n        <h3>Charg\u00e9e de cours au Caritascampus<\/h3>\n<p><a href=\"https:\/\/www.caritas-campus.de\" target=\"_blank\" rel=\"noopener\"><img loading=\"lazy\" decoding=\"async\" class=\"alignnone wp-image-7136\" src=\"https:\/\/francebarbot.de\/wp-content\/uploads\/2017\/03\/logo-campus-300x43.png\" alt=\"\" width=\"223\" height=\"32\" srcset=\"https:\/\/francebarbot.de\/wp-content\/uploads\/2017\/03\/logo-campus-300x43.png 300w, https:\/\/francebarbot.de\/wp-content\/uploads\/2017\/03\/logo-campus.png 383w\" sizes=\"auto, (max-width: 223px) 100vw, 223px\" \/><\/a><\/p>\n<h3>Conf\u00e9renci\u00e8re \u00e0 l&rsquo;AWO Akademie<\/h3>\n<p><a href=\"https:\/\/akademie.awo-karlsruhe.de\/unsere_referenten\/94724\" target=\"_blank\" rel=\"noopener\"><img loading=\"lazy\" decoding=\"async\" class=\"alignnone wp-image-7443\" src=\"https:\/\/francebarbot.de\/wp-content\/uploads\/2021\/02\/Awo_akademie_Karlsruhe_logo-300x143.jpg\" alt=\"\" width=\"223\" height=\"106\" srcset=\"https:\/\/francebarbot.de\/wp-content\/uploads\/2021\/02\/Awo_akademie_Karlsruhe_logo-300x143.jpg 300w, https:\/\/francebarbot.de\/wp-content\/uploads\/2021\/02\/Awo_akademie_Karlsruhe_logo-1024x488.jpg 1024w, https:\/\/francebarbot.de\/wp-content\/uploads\/2021\/02\/Awo_akademie_Karlsruhe_logo-768x366.jpg 768w, https:\/\/francebarbot.de\/wp-content\/uploads\/2021\/02\/Awo_akademie_Karlsruhe_logo-1536x732.jpg 1536w, https:\/\/francebarbot.de\/wp-content\/uploads\/2021\/02\/Awo_akademie_Karlsruhe_logo-2048x976.jpg 2048w\" sizes=\"auto, (max-width: 223px) 100vw, 223px\" \/><\/a><\/p>\n<p><img loading=\"lazy\" decoding=\"async\" class=\"alignnone wp-image-7491\" src=\"https:\/\/francebarbot.de\/wp-content\/uploads\/2023\/01\/Logo-Diakonie-Baden-300x101.png\" alt=\"\" width=\"223\" height=\"75\" srcset=\"https:\/\/francebarbot.de\/wp-content\/uploads\/2023\/01\/Logo-Diakonie-Baden-300x101.png 300w, https:\/\/francebarbot.de\/wp-content\/uploads\/2023\/01\/Logo-Diakonie-Baden.png 500w\" sizes=\"auto, (max-width: 223px) 100vw, 223px\" \/><\/p>\n<p>Sys-Tem Dieter Salomon<\/p>\n<p> <\/p>\n<h3>\u00ab&nbsp;N\u00e9gociatrice&nbsp;\u00bb avec des partenaires fran\u00e7ais<\/h3>\n<ul>\n<li><a href=\"https:\/\/kambeckfilm.de\/\" target=\"_blank\" rel=\"noopener\">Kambeckfilm<\/a><\/li>\n<li><a href=\"https:\/\/www.kann-bausysteme.de\/\" target=\"_blank\" rel=\"noopener\">KANN Bausysteme<\/a><\/li>\n<\/ul>\n<h3> <\/h3>\n<h3>Accompagnatrice de processus dans le domaine de la petite enfance <\/h3>\n<ul>\n<li><a href=\"https:\/\/www.dkjs.de\/\" target=\"_blank\" rel=\"noopener\">DKJS Deutsche Kinder- und Jugendstiftung<\/a><\/li>\n<li>AWO Viernheim<\/li>\n<li><a href=\"https:\/\/www.freiburg.de\/pb\/-\/205348\/;oe6014911\" target=\"_blank\" rel=\"noopener\">Ville de Fribourg<\/a> <\/li>\n<\/ul>    <\/div>\n<\/div>\n<!-- \/module text -->        <\/div>\n                    <div  data-lazy=\"1\" class=\"module_column tb-column col4-2 tb_7fh240 last\">\n                    <!-- module text -->\n<div  class=\"module module-text tb_v8lc41   \" data-lazy=\"1\">\n        <div  class=\"tb_text_wrap\">\n            <\/div>\n<\/div>\n<!-- \/module text -->        <\/div>\n                        <\/div>\n        <\/div>\n        <\/div>\n<!--\/themify_builder_content-->","protected":false},"excerpt":{"rendered":"<p>Ce que disent les autres \u00ab La collaboration avec Mme Barbot a \u00e9t\u00e9 un enrichissement extr\u00eamement pr\u00e9cieux pour notre \u00e9quipe de jardin d&rsquo;enfants et de garderie inclusive. \u00bb L&rsquo;introduction du conseil coll\u00e9gial, en particulier, a initi\u00e9 des changements durables&nbsp;: nous disposons enfin d&rsquo;un cadre solide pour nous soutenir mutuellement sur le plan professionnel, partager nos [&hellip;]<\/p>\n","protected":false},"author":1,"featured_media":0,"parent":0,"menu_order":0,"comment_status":"closed","ping_status":"closed","template":"","meta":{"footnotes":"","_links_to":"","_links_to_target":""},"class_list":["post-7635","page","type-page","status-publish","hentry","has-post-title","has-post-date","has-post-category","has-post-tag","has-post-comment","has-post-author",""],"_links":{"self":[{"href":"https:\/\/francebarbot.de\/fr\/wp-json\/wp\/v2\/pages\/7635","targetHints":{"allow":["GET"]}}],"collection":[{"href":"https:\/\/francebarbot.de\/fr\/wp-json\/wp\/v2\/pages"}],"about":[{"href":"https:\/\/francebarbot.de\/fr\/wp-json\/wp\/v2\/types\/page"}],"author":[{"embeddable":true,"href":"https:\/\/francebarbot.de\/fr\/wp-json\/wp\/v2\/users\/1"}],"replies":[{"embeddable":true,"href":"https:\/\/francebarbot.de\/fr\/wp-json\/wp\/v2\/comments?post=7635"}],"version-history":[{"count":3,"href":"https:\/\/francebarbot.de\/fr\/wp-json\/wp\/v2\/pages\/7635\/revisions"}],"predecessor-version":[{"id":7728,"href":"https:\/\/francebarbot.de\/fr\/wp-json\/wp\/v2\/pages\/7635\/revisions\/7728"}],"wp:attachment":[{"href":"https:\/\/francebarbot.de\/fr\/wp-json\/wp\/v2\/media?parent=7635"}],"curies":[{"name":"wp","href":"https:\/\/api.w.org\/{rel}","templated":true}]}}