{"id":7617,"date":"2017-01-23T12:25:26","date_gmt":"2017-01-23T12:25:26","guid":{"rendered":"https:\/\/francebarbot.de\/france-barbot\/"},"modified":"2025-10-15T07:48:51","modified_gmt":"2025-10-15T07:48:51","slug":"france-barbot","status":"publish","type":"page","link":"https:\/\/francebarbot.de\/fr\/france-barbot\/","title":{"rendered":"France Barbot"},"content":{"rendered":"<!--themify_builder_content-->\n<div id=\"themify_builder_content-7617\" data-postid=\"7617\" class=\"themify_builder_content themify_builder_content-7617 themify_builder tf_clear\">\n                    <div  data-css_id=\"1zjq861\" data-lazy=\"1\" class=\"module_row themify_builder_row fullwidth tb_1zjq861 tb_first tf_w wow\" data-tf-animation=\"fadeIn\">\n                        <div class=\"row_inner col_align_top tb_col_count_3 tf_box tf_rel\">\n                        <div  data-lazy=\"1\" class=\"module_column tb-column col3-1 tb_ljtt861 first\">\n                            <\/div>\n                    <div  data-lazy=\"1\" class=\"module_column tb-column col3-1 tb_9161862\">\n                    <!-- module image -->\n<div  class=\"module module-image tb_idyp198 image-center   tf_mw\" data-lazy=\"1\">\n        <div class=\"image-wrap tf_rel tf_mw\">\n            <a href=\"https:\/\/francebarbot.de\">\n                   <img loading=\"lazy\" decoding=\"async\" src=\"https:\/\/francebarbot.de\/wp-content\/uploads\/2018\/02\/font_weiss-320x85.png\" width=\"320\" height=\"85\" class=\"wp-post-image wp-image-7698\" title=\"font_weiss\" alt=\"font_weiss\" srcset=\"https:\/\/francebarbot.de\/wp-content\/uploads\/2018\/02\/font_weiss-320x85.png 320w, https:\/\/francebarbot.de\/wp-content\/uploads\/2018\/02\/font_weiss-300x80.png 300w, https:\/\/francebarbot.de\/wp-content\/uploads\/2018\/02\/font_weiss-150x40.png 150w, https:\/\/francebarbot.de\/wp-content\/uploads\/2018\/02\/font_weiss-200x53.png 200w, https:\/\/francebarbot.de\/wp-content\/uploads\/2018\/02\/font_weiss-250x66.png 250w, https:\/\/francebarbot.de\/wp-content\/uploads\/2018\/02\/font_weiss-350x93.png 350w, https:\/\/francebarbot.de\/wp-content\/uploads\/2018\/02\/font_weiss.png 715w\" sizes=\"auto, (max-width: 320px) 100vw, 320px\" \/>        <\/a>\n    \n        <\/div>\n    <!-- \/image-wrap -->\n    \n        <\/div>\n<!-- \/module image -->        <\/div>\n                    <div  data-lazy=\"1\" class=\"module_column tb-column col3-1 tb_fqki862 last\">\n                            <\/div>\n                        <\/div>\n        <\/div>\n                        <div  data-lazy=\"1\" class=\"module_row themify_builder_row tb_1asm060 tf_w wow\" data-tf-animation=\"fadeIn\">\n                        <div class=\"row_inner col_align_top tb_col_count_2 tf_box tf_rel\">\n                        <div  data-lazy=\"1\" class=\"module_column tb-column col3-1 tb_bjkv270 first\">\n                    <!-- module image -->\n<div  class=\"module module-image tb_p16t000 image-top circle  tf_mw\" data-lazy=\"1\">\n        <div class=\"image-wrap tf_rel tf_mw\">\n            <img loading=\"lazy\" decoding=\"async\" width=\"873\" height=\"927\" src=\"https:\/\/francebarbot.de\/wp-content\/uploads\/2024\/10\/photo_France-in-bunt-gefaerbt.jpg\" class=\"wp-post-image wp-image-7527\" title=\"photo_France in bunt gefa\u0308rbt\" alt=\"photo_France in bunt gefa\u0308rbt\" srcset=\"https:\/\/francebarbot.de\/wp-content\/uploads\/2024\/10\/photo_France-in-bunt-gefaerbt.jpg 873w, https:\/\/francebarbot.de\/wp-content\/uploads\/2024\/10\/photo_France-in-bunt-gefaerbt-283x300.jpg 283w, https:\/\/francebarbot.de\/wp-content\/uploads\/2024\/10\/photo_France-in-bunt-gefaerbt-768x816.jpg 768w\" sizes=\"auto, (max-width: 873px) 100vw, 873px\" \/>    \n        <\/div>\n    <!-- \/image-wrap -->\n    \n        <\/div>\n<!-- \/module image -->        <\/div>\n                    <div  data-lazy=\"1\" class=\"module_column tb-column col3-2 tb_xxsp900 last\">\n                    <!-- module text -->\n<div  class=\"module module-text tb_xklo900   \" data-lazy=\"1\">\n        <div  class=\"tb_text_wrap\">\n        <h3>Quelques mots sur moi&#8230;<\/h3>\n<p>Depuis 1997, je travaille en tant que formatrice en communication, coach syst\u00e9mique, superviseure, accompagnatrice de processus et animatrice multilingue pour des entreprises, des organisations, des municipalit\u00e9s et des clients individuels, principalement en Europe. De plus, depuis 2002, je suis charg\u00e9e de cours en conseil syst\u00e9mique, ainsi qu&rsquo;en coaching et en conseil organisationnel. Mes principaux domaines de formation sont le d\u00e9veloppement d&rsquo;\u00e9quipe, l&rsquo;animation d&rsquo;entreprise et la communication. Depuis 2007, je travaille \u00e9galement comme formatrice et conseill\u00e8re sur place pour des fondations, des \u00e9tablissements d&rsquo;enseignement de la petite enfance et des municipalit\u00e9s.   <\/p>    <\/div>\n<\/div>\n<!-- \/module text --><!-- module buttons -->\n<div  class=\"module module-buttons tb_gnih590 buttons-horizontal solid \" data-lazy=\"1\">\n        <div class=\"module-buttons-item tf_in_flx\">\n                        <a href=\"https:\/\/francebarbot.de\/vita\/\" class=\"ui builder_button tf_in_flx gray\" >\n                                                Vita                                        <\/a>\n                <\/div>\n            <\/div>\n<!-- \/module buttons -->\n        <\/div>\n                        <\/div>\n        <\/div>\n                        <div  data-lazy=\"1\" class=\"module_row themify_builder_row tb_n6y5984 tf_w wow\" data-tf-animation=\"fadeIn\">\n                        <div class=\"row_inner col_align_top tb_col_count_2 tf_box tf_rel\">\n                        <div  data-lazy=\"1\" class=\"module_column tb-column col3-1 tb_qrmu984 first\">\n                    <!-- module image -->\n<div  class=\"module module-image tb_ug9c984 image-top circle  tf_mw\" data-lazy=\"1\">\n        <div class=\"image-wrap tf_rel tf_mw\">\n            <img loading=\"lazy\" decoding=\"async\" width=\"1200\" height=\"1200\" src=\"https:\/\/francebarbot.de\/wp-content\/uploads\/2024\/10\/Mira-gigapixel-hq-width-3000px.jpg\" class=\"wp-post-image wp-image-7525\" title=\"Mira-gigapixel-hq-width-3000px\" alt=\"Mira-gigapixel-hq-width-3000px\" srcset=\"https:\/\/francebarbot.de\/wp-content\/uploads\/2024\/10\/Mira-gigapixel-hq-width-3000px.jpg 1200w, https:\/\/francebarbot.de\/wp-content\/uploads\/2024\/10\/Mira-gigapixel-hq-width-3000px-300x300.jpg 300w, https:\/\/francebarbot.de\/wp-content\/uploads\/2024\/10\/Mira-gigapixel-hq-width-3000px-1024x1024.jpg 1024w, https:\/\/francebarbot.de\/wp-content\/uploads\/2024\/10\/Mira-gigapixel-hq-width-3000px-150x150.jpg 150w, https:\/\/francebarbot.de\/wp-content\/uploads\/2024\/10\/Mira-gigapixel-hq-width-3000px-768x768.jpg 768w\" sizes=\"auto, (max-width: 1200px) 100vw, 1200px\" \/>    \n        <\/div>\n    <!-- \/image-wrap -->\n    \n        <\/div>\n<!-- \/module image -->        <\/div>\n                    <div  data-lazy=\"1\" class=\"module_column tb-column col3-2 tb_oqww985 last\">\n                    <!-- module text -->\n<div  class=\"module module-text tb_ad3n985   \" data-lazy=\"1\">\n        <div  class=\"tb_text_wrap\">\n        <h3>Collaboratrice Mira Baumann<\/h3>\n<p><span style=\"color: #333333;\">Au printemps 2024, j&rsquo;ai rencontr\u00e9 France Barbot lors d&rsquo;un s\u00e9minaire. <br>Je connaissais France depuis seulement 5 minutes et je l&rsquo;ai tout de suite aid\u00e9e dans diff\u00e9rentes t\u00e2ches. Entre autres, une t\u00e2che consistait \u00e0 lui rappeler de boire de l&rsquo;eau entre les exercices\u2026\ud83d\ude02<br>Comme l&rsquo;harmonie s&rsquo;est install\u00e9e entre nous depuis, il y a eu de plus en plus de t\u00e2ches\u00a0!<br>Depuis avril 2024, j&rsquo;aide France du mieux que je peux \u2013 entre autres \u2013 dans diverses t\u00e2ches bureaucratiques et je suis maintenant tr\u00e8s officiellement sa collaboratrice et sa perle rare. De plus, j&rsquo;\u00e9tudie \u00e0 l&rsquo;Universit\u00e9 P\u00e9dagogique de Ludwigsburg, notamment les sciences de l&rsquo;\u00e9ducation.<br>Je me r\u00e9jouis de nombreuses autres ann\u00e9es de collaboration fructueuse avec France.   <br><\/span><\/p>    <\/div>\n<\/div>\n<!-- \/module text -->        <\/div>\n                        <\/div>\n        <\/div>\n                        <div  data-lazy=\"1\" class=\"module_row themify_builder_row tb_vp5t690 tf_w wow\" data-tf-animation=\"fadeIn\">\n                        <div class=\"row_inner col_align_top tb_col_count_2 tf_box tf_rel\">\n                        <div  data-lazy=\"1\" class=\"module_column tb-column col3-1 tb_nejy691 first\">\n                    <!-- module image -->\n<div  class=\"module module-image tb_dmp7691 image-top circle  tf_mw\" data-lazy=\"1\">\n        <div class=\"image-wrap tf_rel tf_mw\">\n            <img loading=\"lazy\" decoding=\"async\" width=\"922\" height=\"922\" src=\"https:\/\/francebarbot.de\/wp-content\/uploads\/2022\/08\/Foto_Pavel-Jean_Mitarbeiter-1.jpg\" class=\"wp-post-image wp-image-7458\" title=\"Foto_Pavel Jean_Mitarbeiter\" alt=\"Foto_Pavel Jean_Mitarbeiter\" srcset=\"https:\/\/francebarbot.de\/wp-content\/uploads\/2022\/08\/Foto_Pavel-Jean_Mitarbeiter-1.jpg 922w, https:\/\/francebarbot.de\/wp-content\/uploads\/2022\/08\/Foto_Pavel-Jean_Mitarbeiter-1-300x300.jpg 300w, https:\/\/francebarbot.de\/wp-content\/uploads\/2022\/08\/Foto_Pavel-Jean_Mitarbeiter-1-150x150.jpg 150w, https:\/\/francebarbot.de\/wp-content\/uploads\/2022\/08\/Foto_Pavel-Jean_Mitarbeiter-1-768x768.jpg 768w\" sizes=\"auto, (max-width: 922px) 100vw, 922px\" \/>    \n        <\/div>\n    <!-- \/image-wrap -->\n    \n        <\/div>\n<!-- \/module image -->        <\/div>\n                    <div  data-lazy=\"1\" class=\"module_column tb-column col3-2 tb_v24d691 last\">\n                    <!-- module text -->\n<div  class=\"module module-text tb_1hnn691   \" data-lazy=\"1\">\n        <div  class=\"tb_text_wrap\">\n        <h3>Collaborateur Pavel Jean<\/h3>\n<p><span style=\"color: #333333;\">Les premiers projets communs avec France Barbot ont commenc\u00e9 dans les ann\u00e9es 2014\/15. Nous nous sommes ici engag\u00e9s b\u00e9n\u00e9volement \u00e0 accompagner et \u00e0 soutenir des personnes en fuite.  <br>Entre-temps, j&rsquo;ai \u00e9tudi\u00e9 les sciences de l&rsquo;\u00e9ducation et de la formation avec une sp\u00e9cialisation en psychologie, p\u00e9dagogie de la paix et \u00e9tudes de genre. De plus, j&rsquo;ai anim\u00e9 des ateliers sur l&rsquo;\u00e9ducation sexuelle et queer pour les jeunes dans les \u00e9coles et j&rsquo;ai \u00e9t\u00e9 responsable queer \u00e0 l&rsquo;universit\u00e9 de Klagenfurt\/Autriche. Depuis juillet 2022, parall\u00e8lement \u00e0 mes autres activit\u00e9s professionnelles \u00e0 Vienne, j&rsquo;aide France au bureau de conseil syst\u00e9mique en tant qu&rsquo;assistant, co-formateur et conf\u00e9rencier.  <br><\/span><\/p>    <\/div>\n<\/div>\n<!-- \/module text -->        <\/div>\n                        <\/div>\n        <\/div>\n                        <div  data-lazy=\"1\" class=\"module_row themify_builder_row tb_ntk2979 tf_w wow\" data-tf-animation=\"fadeIn\">\n                        <div class=\"row_inner col_align_top tb_col_count_2 tf_box tf_rel\">\n                        <div  data-lazy=\"1\" class=\"module_column tb-column col3-1 tb_zyln900 first\">\n                    <!-- module image -->\n<div  class=\"module module-image tb_4l1r070 image-top circle  tf_mw\" data-lazy=\"1\">\n        <div class=\"image-wrap tf_rel tf_mw\">\n            <img loading=\"lazy\" decoding=\"async\" width=\"756\" height=\"756\" src=\"https:\/\/francebarbot.de\/wp-content\/uploads\/2020\/03\/sophia.jpg\" class=\"wp-post-image wp-image-7277\" title=\"sophia\" alt=\"sophia\" srcset=\"https:\/\/francebarbot.de\/wp-content\/uploads\/2020\/03\/sophia.jpg 756w, https:\/\/francebarbot.de\/wp-content\/uploads\/2020\/03\/sophia-300x300.jpg 300w, https:\/\/francebarbot.de\/wp-content\/uploads\/2020\/03\/sophia-150x150.jpg 150w\" sizes=\"auto, (max-width: 756px) 100vw, 756px\" \/>    \n        <\/div>\n    <!-- \/image-wrap -->\n    \n        <\/div>\n<!-- \/module image -->        <\/div>\n                    <div  data-lazy=\"1\" class=\"module_column tb-column col3-2 tb_77xd909 last\">\n                    <!-- module text -->\n<div  class=\"module module-text tb_7pek017   \" data-lazy=\"1\">\n        <div  class=\"tb_text_wrap\">\n        <h3>Ancienne collaboratrice Sophia Terhaar <\/h3>\n<p>Tout a commenc\u00e9 par un stage en 2015\u2026 J&rsquo;\u00e9tais \u00e0 la fois la collaboratrice et la bonne f\u00e9e de France Barbot, et je suis dipl\u00f4m\u00e9e en sciences de l&rsquo;\u00e9ducation (B.A.), en p\u00e9dagogie de la r\u00e9adaptation (M.A.) ainsi que conseill\u00e8re syst\u00e9mique. Dans notre quotidien professionnel commun, j&rsquo;aidais France au bureau et la soutenais notamment lors de marathons de mails, de prises de rendez-vous et d&rsquo;affaires administratives, ainsi que lors de la conception de cours et de s\u00e9minaires. Apr\u00e8s plus de sept ans de tr\u00e8s bonne collaboration, mes autres chemins m&rsquo;ont men\u00e9e dans l&rsquo;aide \u00e0 la jeunesse en Bavi\u00e8re.  <\/p>    <\/div>\n<\/div>\n<!-- \/module text -->        <\/div>\n                        <\/div>\n        <\/div>\n        <\/div>\n<!--\/themify_builder_content-->","protected":false},"excerpt":{"rendered":"<p>Quelques mots sur moi&#8230; Depuis 1997, je travaille en tant que formatrice en communication, coach syst\u00e9mique, superviseure, accompagnatrice de processus et animatrice multilingue pour des entreprises, des organisations, des municipalit\u00e9s et des clients individuels, principalement en Europe. De plus, depuis 2002, je suis charg\u00e9e de cours en conseil syst\u00e9mique, ainsi qu&rsquo;en coaching et en conseil [&hellip;]<\/p>\n","protected":false},"author":1,"featured_media":0,"parent":0,"menu_order":0,"comment_status":"closed","ping_status":"closed","template":"","meta":{"footnotes":"","_links_to":"","_links_to_target":""},"class_list":["post-7617","page","type-page","status-publish","hentry","has-post-title","has-post-date","has-post-category","has-post-tag","has-post-comment","has-post-author",""],"_links":{"self":[{"href":"https:\/\/francebarbot.de\/fr\/wp-json\/wp\/v2\/pages\/7617","targetHints":{"allow":["GET"]}}],"collection":[{"href":"https:\/\/francebarbot.de\/fr\/wp-json\/wp\/v2\/pages"}],"about":[{"href":"https:\/\/francebarbot.de\/fr\/wp-json\/wp\/v2\/types\/page"}],"author":[{"embeddable":true,"href":"https:\/\/francebarbot.de\/fr\/wp-json\/wp\/v2\/users\/1"}],"replies":[{"embeddable":true,"href":"https:\/\/francebarbot.de\/fr\/wp-json\/wp\/v2\/comments?post=7617"}],"version-history":[{"count":1,"href":"https:\/\/francebarbot.de\/fr\/wp-json\/wp\/v2\/pages\/7617\/revisions"}],"predecessor-version":[{"id":7622,"href":"https:\/\/francebarbot.de\/fr\/wp-json\/wp\/v2\/pages\/7617\/revisions\/7622"}],"wp:attachment":[{"href":"https:\/\/francebarbot.de\/fr\/wp-json\/wp\/v2\/media?parent=7617"}],"curies":[{"name":"wp","href":"https:\/\/api.w.org\/{rel}","templated":true}]}}