{"id":7597,"date":"2014-09-30T02:56:41","date_gmt":"2014-09-30T02:56:41","guid":{"rendered":"https:\/\/francebarbot.de\/accueil\/"},"modified":"2025-10-15T07:17:41","modified_gmt":"2025-10-15T07:17:41","slug":"accueil","status":"publish","type":"page","link":"https:\/\/francebarbot.de\/fr\/","title":{"rendered":"Accueil"},"content":{"rendered":"<!--themify_builder_content-->\n<div id=\"themify_builder_content-7597\" data-postid=\"7597\" class=\"themify_builder_content themify_builder_content-7597 themify_builder tf_clear\">\n                    <div  data-parallax-bg=\"desktop\" data-lazy=\"1\" class=\"module_row themify_builder_row fullheight tb_u39u000 tb_first tf_w wow\" data-tf-animation=\"fadeIn\">\n            <span  class=\"builder_row_cover tf_abs\" data-lazy=\"1\"><\/span>            <div class=\"row_inner col_align_top tb_col_count_1 tf_box tf_rel\">\n                        <div  data-lazy=\"1\" class=\"module_column tb-column col-full tb_w4y7440 first\">\n                    <!-- module text -->\n<div  class=\"module module-text tb_3a6d507   \" data-lazy=\"1\">\n        <div  class=\"tb_text_wrap\">\n        <p><img loading=\"lazy\" decoding=\"async\" class=\"aligncenter wp-image-7045 \" src=\"https:\/\/francebarbot.de\/wp-content\/uploads\/2014\/09\/font.png\" alt=\"\" width=\"401\" height=\"107\" srcset=\"https:\/\/francebarbot.de\/wp-content\/uploads\/2014\/09\/font.png 715w, https:\/\/francebarbot.de\/wp-content\/uploads\/2014\/09\/font-300x80.png 300w\" sizes=\"auto, (max-width: 401px) 100vw, 401px\" \/><\/p><h4 style=\"text-align: center;\"> <br>\u00ab Tout ce dont vous avez besoin est d\u00e9j\u00e0 l\u00e0. Il suffit de le d\u00e9couvrir. \u00bb <br><em>(Milton Erickson)<\/em><\/h4>    <\/div>\n<\/div>\n<!-- \/module text -->        <\/div>\n                        <\/div>\n        <\/div>\n                        <div  data-lazy=\"1\" class=\"module_row themify_builder_row tb_yv03008 tf_w wow\" data-tf-animation=\"fadeIn\">\n            <span  class=\"builder_row_cover tf_abs\" data-lazy=\"1\"><\/span>            <div class=\"row_inner col_align_top tb_col_count_3 tf_box tf_rel\">\n                        <div  data-lazy=\"1\" class=\"module_column tb-column col3-1 tb_i0u2550 first\">\n                    <!-- module image -->\n<div  class=\"module module-image tb_61hp216 image-center   tf_mw\" data-lazy=\"1\">\n        <div class=\"image-wrap tf_rel tf_mw\">\n            <a href=\"https:\/\/francebarbot.de\/angebot\/\">\n                   <img loading=\"lazy\" decoding=\"async\" src=\"https:\/\/francebarbot.de\/wp-content\/uploads\/2013\/05\/Logo_SystemischeBeratung-150x150.png\" width=\"150\" height=\"150\" class=\"wp-post-image wp-image-6239\" title=\"Conseil syst\u00e9mique\" alt=\"Conseil syst\u00e9mique\" srcset=\"https:\/\/francebarbot.de\/wp-content\/uploads\/2013\/05\/Logo_SystemischeBeratung-150x150.png 150w, https:\/\/francebarbot.de\/wp-content\/uploads\/2013\/05\/Logo_SystemischeBeratung-200x200.png 200w, https:\/\/francebarbot.de\/wp-content\/uploads\/2013\/05\/Logo_SystemischeBeratung-170x170.png 170w, https:\/\/francebarbot.de\/wp-content\/uploads\/2013\/05\/Logo_SystemischeBeratung-350x350.png 350w, https:\/\/francebarbot.de\/wp-content\/uploads\/2013\/05\/Logo_SystemischeBeratung-315x315.png 315w, https:\/\/francebarbot.de\/wp-content\/uploads\/2013\/05\/Logo_SystemischeBeratung-300x300.png 300w, https:\/\/francebarbot.de\/wp-content\/uploads\/2013\/05\/Logo_SystemischeBeratung-270x270.png 270w, https:\/\/francebarbot.de\/wp-content\/uploads\/2013\/05\/Logo_SystemischeBeratung-250x250.png 250w, https:\/\/francebarbot.de\/wp-content\/uploads\/2013\/05\/Logo_SystemischeBeratung-230x230.png 230w, https:\/\/francebarbot.de\/wp-content\/uploads\/2013\/05\/Logo_SystemischeBeratung-210x210.png 210w, https:\/\/francebarbot.de\/wp-content\/uploads\/2013\/05\/Logo_SystemischeBeratung-100x100.png 100w, https:\/\/francebarbot.de\/wp-content\/uploads\/2013\/05\/Logo_SystemischeBeratung.png 280w\" sizes=\"auto, (max-width: 150px) 100vw, 150px\" \/>        <\/a>\n    \n        <\/div>\n    <!-- \/image-wrap -->\n    \n        <div class=\"image-content\">\n                    <h3 class=\"image-title\">\n                                    <a href=\"https:\/\/francebarbot.de\/angebot\/\">\n                        Conseil syst\u00e9mique                    <\/a>\n                            <\/h3>\n                    <\/div>\n    <!-- \/image-content -->\n        <\/div>\n<!-- \/module image -->        <\/div>\n                    <div  data-lazy=\"1\" class=\"module_column tb-column col3-1 tb_wsv6662\">\n                    <!-- module image -->\n<div  class=\"module module-image tb_jzo3163 image-center   tf_mw\" data-lazy=\"1\">\n        <div class=\"image-wrap tf_rel tf_mw\">\n            <a href=\"https:\/\/francebarbot.de\/angebot\/\">\n                   <img loading=\"lazy\" decoding=\"async\" src=\"https:\/\/francebarbot.de\/wp-content\/uploads\/2017\/01\/Logo_Violett-150x150.png\" width=\"150\" height=\"150\" class=\"wp-post-image wp-image-6244\" title=\"Accompagnement de processus\" alt=\"Accompagnement de processus\" srcset=\"https:\/\/francebarbot.de\/wp-content\/uploads\/2017\/01\/Logo_Violett-150x150.png 150w, https:\/\/francebarbot.de\/wp-content\/uploads\/2017\/01\/Logo_Violett-250x250.png 250w, https:\/\/francebarbot.de\/wp-content\/uploads\/2017\/01\/Logo_Violett.png 280w\" sizes=\"auto, (max-width: 150px) 100vw, 150px\" \/>        <\/a>\n    \n        <\/div>\n    <!-- \/image-wrap -->\n    \n        <div class=\"image-content\">\n                    <h3 class=\"image-title\">\n                                    <a href=\"https:\/\/francebarbot.de\/angebot\/\">\n                        Accompagnement de processus                    <\/a>\n                            <\/h3>\n                    <\/div>\n    <!-- \/image-content -->\n        <\/div>\n<!-- \/module image -->        <\/div>\n                    <div  data-lazy=\"1\" class=\"module_column tb-column col3-1 tb_jehc663 last\">\n                    <!-- module image -->\n<div  class=\"module module-image tb_tbf1335 image-center   tf_mw\" data-lazy=\"1\">\n        <div class=\"image-wrap tf_rel tf_mw\">\n            <a href=\"https:\/\/francebarbot.de\/angebot\/\">\n                   <img loading=\"lazy\" decoding=\"async\" src=\"https:\/\/francebarbot.de\/wp-content\/uploads\/2017\/01\/Logo_Schulungen-150x150.png\" width=\"150\" height=\"150\" class=\"wp-post-image wp-image-6248\" title=\"Formations\" alt=\"Formations\" srcset=\"https:\/\/francebarbot.de\/wp-content\/uploads\/2017\/01\/Logo_Schulungen-150x150.png 150w, https:\/\/francebarbot.de\/wp-content\/uploads\/2017\/01\/Logo_Schulungen-250x250.png 250w, https:\/\/francebarbot.de\/wp-content\/uploads\/2017\/01\/Logo_Schulungen.png 280w\" sizes=\"auto, (max-width: 150px) 100vw, 150px\" \/>        <\/a>\n    \n        <\/div>\n    <!-- \/image-wrap -->\n    \n        <div class=\"image-content\">\n                    <h3 class=\"image-title\">\n                                    <a href=\"https:\/\/francebarbot.de\/angebot\/\">\n                        Formations                    <\/a>\n                            <\/h3>\n                    <\/div>\n    <!-- \/image-content -->\n        <\/div>\n<!-- \/module image -->        <\/div>\n                        <\/div>\n        <\/div>\n                        <div  data-lazy=\"1\" class=\"module_row themify_builder_row tb_x60795 tf_w wow\" data-tf-animation=\"fadeIn\">\n            <span  class=\"builder_row_cover tf_abs\" data-lazy=\"1\"><\/span>            <div class=\"row_inner col_align_top tb_col_count_3 tf_box tf_rel\">\n                        <div  data-lazy=\"1\" class=\"module_column tb-column col3-1 tb_91r696 first\">\n                    <!-- module image -->\n<div  class=\"module module-image tb_3lhp96 image-center   tf_mw\" data-lazy=\"1\">\n        <div class=\"image-wrap tf_rel tf_mw\">\n            <a href=\"https:\/\/francebarbot.de\/angebot\/\">\n                   <img loading=\"lazy\" decoding=\"async\" src=\"https:\/\/francebarbot.de\/wp-content\/uploads\/2013\/05\/Logo_Therapie-150x150.png\" width=\"150\" height=\"150\" class=\"wp-post-image wp-image-6242\" title=\"Th\u00e9rapie\" alt=\"Th\u00e9rapie\" srcset=\"https:\/\/francebarbot.de\/wp-content\/uploads\/2013\/05\/Logo_Therapie-150x150.png 150w, https:\/\/francebarbot.de\/wp-content\/uploads\/2013\/05\/Logo_Therapie-200x200.png 200w, https:\/\/francebarbot.de\/wp-content\/uploads\/2013\/05\/Logo_Therapie-170x170.png 170w, https:\/\/francebarbot.de\/wp-content\/uploads\/2013\/05\/Logo_Therapie-250x250.png 250w, https:\/\/francebarbot.de\/wp-content\/uploads\/2013\/05\/Logo_Therapie-230x230.png 230w, https:\/\/francebarbot.de\/wp-content\/uploads\/2013\/05\/Logo_Therapie-210x210.png 210w, https:\/\/francebarbot.de\/wp-content\/uploads\/2013\/05\/Logo_Therapie.png 280w\" sizes=\"auto, (max-width: 150px) 100vw, 150px\" \/>        <\/a>\n    \n        <\/div>\n    <!-- \/image-wrap -->\n    \n        <div class=\"image-content\">\n                    <h3 class=\"image-title\">\n                                    <a href=\"https:\/\/francebarbot.de\/angebot\/\">\n                        Th\u00e9rapie                    <\/a>\n                            <\/h3>\n                    <\/div>\n    <!-- \/image-content -->\n        <\/div>\n<!-- \/module image -->        <\/div>\n                    <div  data-lazy=\"1\" class=\"module_column tb-column col3-1 tb_1ee997\">\n                    <!-- module image -->\n<div  class=\"module module-image tb_ydwh97 image-center   tf_mw\" data-lazy=\"1\">\n        <div class=\"image-wrap tf_rel tf_mw\">\n            <a href=\"https:\/\/francebarbot.de\/angebot\/\">\n                   <img loading=\"lazy\" decoding=\"async\" src=\"https:\/\/francebarbot.de\/wp-content\/uploads\/2017\/01\/Logo_Engagement-150x150.png\" width=\"150\" height=\"150\" class=\"wp-post-image wp-image-6246\" title=\"Engagement\" alt=\"Engagement\" srcset=\"https:\/\/francebarbot.de\/wp-content\/uploads\/2017\/01\/Logo_Engagement-150x150.png 150w, https:\/\/francebarbot.de\/wp-content\/uploads\/2017\/01\/Logo_Engagement.png 280w\" sizes=\"auto, (max-width: 150px) 100vw, 150px\" \/>        <\/a>\n    \n        <\/div>\n    <!-- \/image-wrap -->\n    \n        <div class=\"image-content\">\n                    <h3 class=\"image-title\">\n                                    <a href=\"https:\/\/francebarbot.de\/angebot\/\">\n                        Engagement                    <\/a>\n                            <\/h3>\n                    <\/div>\n    <!-- \/image-content -->\n        <\/div>\n<!-- \/module image -->        <\/div>\n                    <div  data-lazy=\"1\" class=\"module_column tb-column col3-1 tb_vnoq97 last\">\n                    <!-- module image -->\n<div  class=\"module module-image tb_wtj7383 image-center   tf_mw\" data-lazy=\"1\">\n        <div class=\"image-wrap tf_rel tf_mw\">\n            <a href=\"https:\/\/francebarbot.de\/angebot\/\">\n                   <img loading=\"lazy\" decoding=\"async\" src=\"https:\/\/francebarbot.de\/wp-content\/uploads\/2023\/01\/offizielles-Logo_Peace-1024x1024-150x150.png\" width=\"150\" height=\"150\" class=\"wp-post-image wp-image-7464\" title=\"\u00c9galit\u00e9 des chances et diversit\u00e9\" alt=\"\u00c9galit\u00e9 des chances et diversit\u00e9\" srcset=\"https:\/\/francebarbot.de\/wp-content\/uploads\/2023\/01\/offizielles-Logo_Peace-1024x1024-150x150.png 150w, https:\/\/francebarbot.de\/wp-content\/uploads\/2023\/01\/offizielles-Logo_Peace-300x300.png 300w, https:\/\/francebarbot.de\/wp-content\/uploads\/2023\/01\/offizielles-Logo_Peace-1024x1024.png 1024w, https:\/\/francebarbot.de\/wp-content\/uploads\/2023\/01\/offizielles-Logo_Peace-768x768.png 768w, https:\/\/francebarbot.de\/wp-content\/uploads\/2023\/01\/offizielles-Logo_Peace.png 1240w\" sizes=\"auto, (max-width: 150px) 100vw, 150px\" \/>        <\/a>\n    \n        <\/div>\n    <!-- \/image-wrap -->\n    \n        <div class=\"image-content\">\n                    <h3 class=\"image-title\">\n                                    <a href=\"https:\/\/francebarbot.de\/angebot\/\">\n                        \u00c9galit\u00e9 des chances et diversit\u00e9                    <\/a>\n                            <\/h3>\n                    <\/div>\n    <!-- \/image-content -->\n        <\/div>\n<!-- \/module image -->        <\/div>\n                        <\/div>\n        <\/div>\n                        <div  data-lazy=\"1\" class=\"module_row themify_builder_row tb_b2yk382 tf_w wow\" data-tf-animation=\"fadeIn\">\n            <span  class=\"builder_row_cover tf_abs\" data-lazy=\"1\"><\/span>            <div class=\"row_inner col_align_top tb_col_count_3 tf_box tf_rel\">\n                        <div  data-lazy=\"1\" class=\"module_column tb-column col3-1 tb_jdao382 first\">\n                            <\/div>\n                    <div  data-lazy=\"1\" class=\"module_column tb-column col3-1 tb_fo43382\">\n                    <!-- module image -->\n<div  class=\"module module-image tb_wufo98 image-center   tf_mw\" data-lazy=\"1\">\n        <div class=\"image-wrap tf_rel tf_mw\">\n            <a href=\"https:\/\/francebarbot.de\/angebot\/\">\n                   <img loading=\"lazy\" decoding=\"async\" src=\"https:\/\/francebarbot.de\/wp-content\/uploads\/2017\/01\/Logo_Kreativitaet-150x150.png\" width=\"150\" height=\"150\" class=\"wp-post-image wp-image-6257\" title=\"Cr\u00e9ativit\u00e9\" alt=\"Cr\u00e9ativit\u00e9\" srcset=\"https:\/\/francebarbot.de\/wp-content\/uploads\/2017\/01\/Logo_Kreativitaet-150x150.png 150w, https:\/\/francebarbot.de\/wp-content\/uploads\/2017\/01\/Logo_Kreativitaet.png 280w\" sizes=\"auto, (max-width: 150px) 100vw, 150px\" \/>        <\/a>\n    \n        <\/div>\n    <!-- \/image-wrap -->\n    \n        <div class=\"image-content\">\n                    <h3 class=\"image-title\">\n                                    <a href=\"https:\/\/francebarbot.de\/angebot\/\">\n                        Cr\u00e9ativit\u00e9                    <\/a>\n                            <\/h3>\n                    <\/div>\n    <!-- \/image-content -->\n        <\/div>\n<!-- \/module image -->        <\/div>\n                    <div  data-lazy=\"1\" class=\"module_column tb-column col3-1 tb_m1c5383 last\">\n                            <\/div>\n                        <\/div>\n        <\/div>\n        <\/div>\n<!--\/themify_builder_content-->","protected":false},"excerpt":{"rendered":"<p>\u00ab Tout ce dont vous avez besoin est d\u00e9j\u00e0 l\u00e0. Il suffit de le d\u00e9couvrir. \u00bb (Milton Erickson) Conseil syst\u00e9mique Accompagnement de processus Formations Th\u00e9rapie Engagement \u00c9galit\u00e9 des chances et diversit\u00e9 Cr\u00e9ativit\u00e9<\/p>\n","protected":false},"author":1,"featured_media":0,"parent":0,"menu_order":0,"comment_status":"closed","ping_status":"closed","template":"","meta":{"footnotes":"","_links_to":"","_links_to_target":""},"class_list":["post-7597","page","type-page","status-publish","hentry","has-post-title","has-post-date","has-post-category","has-post-tag","has-post-comment","has-post-author",""],"_links":{"self":[{"href":"https:\/\/francebarbot.de\/fr\/wp-json\/wp\/v2\/pages\/7597","targetHints":{"allow":["GET"]}}],"collection":[{"href":"https:\/\/francebarbot.de\/fr\/wp-json\/wp\/v2\/pages"}],"about":[{"href":"https:\/\/francebarbot.de\/fr\/wp-json\/wp\/v2\/types\/page"}],"author":[{"embeddable":true,"href":"https:\/\/francebarbot.de\/fr\/wp-json\/wp\/v2\/users\/1"}],"replies":[{"embeddable":true,"href":"https:\/\/francebarbot.de\/fr\/wp-json\/wp\/v2\/comments?post=7597"}],"version-history":[{"count":1,"href":"https:\/\/francebarbot.de\/fr\/wp-json\/wp\/v2\/pages\/7597\/revisions"}],"predecessor-version":[{"id":7604,"href":"https:\/\/francebarbot.de\/fr\/wp-json\/wp\/v2\/pages\/7597\/revisions\/7604"}],"wp:attachment":[{"href":"https:\/\/francebarbot.de\/fr\/wp-json\/wp\/v2\/media?parent=7597"}],"curies":[{"name":"wp","href":"https:\/\/api.w.org\/{rel}","templated":true}]}}